{"id":968,"date":"2026-02-26T10:23:04","date_gmt":"2026-02-26T10:23:04","guid":{"rendered":"https:\/\/osapiens-cmms.com\/fr\/?page_id=968"},"modified":"2026-03-04T08:55:29","modified_gmt":"2026-03-04T08:55:29","slug":"partner","status":"publish","type":"page","link":"https:\/\/osapiens-cmms.com\/fr\/partner\/","title":{"rendered":"Partner"},"content":{"rendered":"<div id=\"cs-content\" class=\"cs-content\"><div class=\"x-section e968-e1 mqw-0\"><div class=\"x-row x-container max width e968-e2 mqw-5 mqw-6\"><div class=\"x-row-inner\"><div class=\"x-col e968-e3 mqw-7\"><div class=\"x-text x-text-headline e968-e4 mqw-8 mqw-9\"><div class=\"x-text-content\"><div class=\"x-text-content-text\"><h1 class=\"x-text-content-text-primary\">Commencez \u00e0 collaborer avec nous d\u00e8s aujourd'hui.\n<\/h1><\/div><\/div><\/div><div class=\"x-text x-content e968-e5 mqw-b mqw-c\">Voici comment cela fonctionne :\n<\/div><div class=\"x-text x-content e968-e6 mqw-c mqw-d\"><p>Pr\u00e9cisez : remplissez le formulaire pour nous indiquer vos besoins.\n<br \/>\nV\u00e9rifiez : confirmez votre adresse e-mail pour garantir la s\u00e9curit\u00e9.\n<br \/>\nExaminez : notre \u00e9quipe \u00e9valuera votre demande.\n<\/p><\/div><div class=\"x-text x-text-headline e968-e7 mqw-9 mqw-a\"><div class=\"x-text-content\"><div class=\"x-text-content-text\"><h3 class=\"x-text-content-text-primary\">Reconnu par des centaines d'entreprises de tous les secteurs\n<\/h3><\/div><\/div><\/div><div class=\"x-grid e968-e8 mqw-e\"><div class=\"x-cell e968-e9 mqw-f mqw-1\"><span class=\"x-image e968-e10 mqw-g mqw-h mqw-2\"><img decoding=\"async\" src=\"https:\/\/osapiens-cmms.com\/fr\/wp-content\/uploads\/sites\/4\/2026\/02\/CONA-services.png\" width=\"192\" height=\"67\" alt=\"Image\" loading=\"lazy\"><\/span><\/div><div class=\"x-cell e968-e11 mqw-f mqw-1\"><span class=\"x-image e968-e12 mqw-g mqw-i mqw-3\"><img decoding=\"async\" src=\"https:\/\/osapiens-cmms.com\/fr\/wp-content\/uploads\/sites\/4\/2026\/02\/puratos-vector-logo-1-1.png\" width=\"199\" height=\"96\" alt=\"Image\" loading=\"lazy\"><\/span><\/div><div class=\"x-cell e968-e13 mqw-f mqw-1\"><span class=\"x-image e968-e14 mqw-g mqw-h mqw-4\"><img decoding=\"async\" src=\"https:\/\/osapiens-cmms.com\/fr\/wp-content\/uploads\/sites\/4\/2026\/02\/Nordex-Logo.wine-2-1.png\" width=\"960\" height=\"960\" alt=\"Image\" loading=\"lazy\"><\/span><\/div><\/div><\/div><div class=\"x-col e968-e15 mqw-7\"><script charset=\"utf-8\" type=\"text\/javascript\" src=\"\/\/js-eu1.hsforms.net\/forms\/embed\/v2.js\"><\/script>\n<script>\n  hbspt.forms.create({\n    portalId: \"139703275\",\n    formId: \"b6dfb1a0-4a48-4855-95d5-b4b197d0d02b\",\n    region: \"eu1\"\n  });\n<\/script><\/div><\/div><\/div><\/div><\/div>\n","protected":false},"excerpt":{"rendered":"<p>Commencez \u00e0 collaborer avec nous d\u00e8s aujourd&rsquo;hui. Voici comment cela fonctionne : Pr\u00e9cisez : remplissez le formulaire pour nous indiquer vos besoins. V\u00e9rifiez : confirmez votre adresse e-mail pour garantir la s\u00e9curit\u00e9. Examinez : notre \u00e9quipe \u00e9valuera votre demande. Reconnu par des centaines d&rsquo;entreprises de tous les secteurs<\/p>\n","protected":false},"author":21,"featured_media":0,"parent":0,"menu_order":0,"comment_status":"closed","ping_status":"closed","template":"template-blank-4.php","meta":{"_acf_changed":false,"footnotes":""},"categories":[],"class_list":["post-968","page","type-page","status-publish","hentry","no-post-thumbnail"],"acf":[],"yoast_head":"<!-- This site is optimized with the Yoast SEO Premium plugin v24.3 (Yoast SEO v24.3) - https:\/\/yoast.com\/wordpress\/plugins\/seo\/ -->\n<title>Partner - osapiens-cmms.com\/fr<\/title>\n<meta name=\"robots\" content=\"noindex, follow, max-snippet:-1, max-image-preview:large, max-video-preview:-1\" \/>\n<meta property=\"og:locale\" content=\"fr_FR\" \/>\n<meta property=\"og:type\" content=\"article\" \/>\n<meta property=\"og:title\" content=\"Partner\" \/>\n<meta property=\"og:description\" content=\"Commencez \u00e0 collaborer avec nous d\u00e8s aujourd&#039;hui. Voici comment cela fonctionne : Pr\u00e9cisez : remplissez le formulaire pour nous indiquer vos besoins. V\u00e9rifiez : confirmez votre adresse e-mail pour garantir la s\u00e9curit\u00e9. Examinez : notre \u00e9quipe \u00e9valuera votre demande. Reconnu par des centaines d&#039;entreprises de tous les secteurs\" \/>\n<meta property=\"og:url\" content=\"https:\/\/osapiens-cmms.com\/fr\/partner\/\" \/>\n<meta property=\"og:site_name\" content=\"osapiens-cmms.com\/fr\" \/>\n<meta property=\"article:modified_time\" content=\"2026-03-04T08:55:29+00:00\" \/>\n<meta name=\"twitter:card\" content=\"summary_large_image\" \/>\n<script type=\"application\/ld+json\" class=\"yoast-schema-graph\">{\"@context\":\"https:\/\/schema.org\",\"@graph\":[{\"@type\":\"WebPage\",\"@id\":\"https:\/\/osapiens-cmms.com\/fr\/partner\/\",\"url\":\"https:\/\/osapiens-cmms.com\/fr\/partner\/\",\"name\":\"Partner - osapiens-cmms.com\/fr\",\"isPartOf\":{\"@id\":\"https:\/\/osapiens-cmms.com\/fr\/#website\"},\"datePublished\":\"2026-02-26T10:23:04+00:00\",\"dateModified\":\"2026-03-04T08:55:29+00:00\",\"breadcrumb\":{\"@id\":\"https:\/\/osapiens-cmms.com\/fr\/partner\/#breadcrumb\"},\"inLanguage\":\"fr-FR\",\"potentialAction\":[{\"@type\":\"ReadAction\",\"target\":[\"https:\/\/osapiens-cmms.com\/fr\/partner\/\"]}]},{\"@type\":\"BreadcrumbList\",\"@id\":\"https:\/\/osapiens-cmms.com\/fr\/partner\/#breadcrumb\",\"itemListElement\":[{\"@type\":\"ListItem\",\"position\":1,\"name\":\"Home\",\"item\":\"https:\/\/osapiens-cmms.com\/fr\/\"},{\"@type\":\"ListItem\",\"position\":2,\"name\":\"Partner\"}]},{\"@type\":\"WebSite\",\"@id\":\"https:\/\/osapiens-cmms.com\/fr\/#website\",\"url\":\"https:\/\/osapiens-cmms.com\/fr\/\",\"name\":\"osapiens-cmms.com\/fr\",\"description\":\"\",\"potentialAction\":[{\"@type\":\"SearchAction\",\"target\":{\"@type\":\"EntryPoint\",\"urlTemplate\":\"https:\/\/osapiens-cmms.com\/fr\/?s={search_term_string}\"},\"query-input\":{\"@type\":\"PropertyValueSpecification\",\"valueRequired\":true,\"valueName\":\"search_term_string\"}}],\"inLanguage\":\"fr-FR\"}]}<\/script>\n<!-- \/ Yoast SEO Premium plugin. -->","yoast_head_json":{"title":"Partner - osapiens-cmms.com\/fr","robots":{"index":"noindex","follow":"follow","max-snippet":"max-snippet:-1","max-image-preview":"max-image-preview:large","max-video-preview":"max-video-preview:-1"},"og_locale":"fr_FR","og_type":"article","og_title":"Partner","og_description":"Commencez \u00e0 collaborer avec nous d\u00e8s aujourd'hui. Voici comment cela fonctionne : Pr\u00e9cisez : remplissez le formulaire pour nous indiquer vos besoins. V\u00e9rifiez : confirmez votre adresse e-mail pour garantir la s\u00e9curit\u00e9. Examinez : notre \u00e9quipe \u00e9valuera votre demande. Reconnu par des centaines d'entreprises de tous les secteurs","og_url":"https:\/\/osapiens-cmms.com\/fr\/partner\/","og_site_name":"osapiens-cmms.com\/fr","article_modified_time":"2026-03-04T08:55:29+00:00","twitter_card":"summary_large_image","schema":{"@context":"https:\/\/schema.org","@graph":[{"@type":"WebPage","@id":"https:\/\/osapiens-cmms.com\/fr\/partner\/","url":"https:\/\/osapiens-cmms.com\/fr\/partner\/","name":"Partner - osapiens-cmms.com\/fr","isPartOf":{"@id":"https:\/\/osapiens-cmms.com\/fr\/#website"},"datePublished":"2026-02-26T10:23:04+00:00","dateModified":"2026-03-04T08:55:29+00:00","breadcrumb":{"@id":"https:\/\/osapiens-cmms.com\/fr\/partner\/#breadcrumb"},"inLanguage":"fr-FR","potentialAction":[{"@type":"ReadAction","target":["https:\/\/osapiens-cmms.com\/fr\/partner\/"]}]},{"@type":"BreadcrumbList","@id":"https:\/\/osapiens-cmms.com\/fr\/partner\/#breadcrumb","itemListElement":[{"@type":"ListItem","position":1,"name":"Home","item":"https:\/\/osapiens-cmms.com\/fr\/"},{"@type":"ListItem","position":2,"name":"Partner"}]},{"@type":"WebSite","@id":"https:\/\/osapiens-cmms.com\/fr\/#website","url":"https:\/\/osapiens-cmms.com\/fr\/","name":"osapiens-cmms.com\/fr","description":"","potentialAction":[{"@type":"SearchAction","target":{"@type":"EntryPoint","urlTemplate":"https:\/\/osapiens-cmms.com\/fr\/?s={search_term_string}"},"query-input":{"@type":"PropertyValueSpecification","valueRequired":true,"valueName":"search_term_string"}}],"inLanguage":"fr-FR"}]}},"_links":{"self":[{"href":"https:\/\/osapiens-cmms.com\/fr\/wp-json\/wp\/v2\/pages\/968","targetHints":{"allow":["GET"]}}],"collection":[{"href":"https:\/\/osapiens-cmms.com\/fr\/wp-json\/wp\/v2\/pages"}],"about":[{"href":"https:\/\/osapiens-cmms.com\/fr\/wp-json\/wp\/v2\/types\/page"}],"author":[{"embeddable":true,"href":"https:\/\/osapiens-cmms.com\/fr\/wp-json\/wp\/v2\/users\/21"}],"replies":[{"embeddable":true,"href":"https:\/\/osapiens-cmms.com\/fr\/wp-json\/wp\/v2\/comments?post=968"}],"version-history":[{"count":4,"href":"https:\/\/osapiens-cmms.com\/fr\/wp-json\/wp\/v2\/pages\/968\/revisions"}],"predecessor-version":[{"id":982,"href":"https:\/\/osapiens-cmms.com\/fr\/wp-json\/wp\/v2\/pages\/968\/revisions\/982"}],"wp:attachment":[{"href":"https:\/\/osapiens-cmms.com\/fr\/wp-json\/wp\/v2\/media?parent=968"}],"wp:term":[{"taxonomy":"category","embeddable":true,"href":"https:\/\/osapiens-cmms.com\/fr\/wp-json\/wp\/v2\/categories?post=968"}],"curies":[{"name":"wp","href":"https:\/\/api.w.org\/{rel}","templated":true}]}}