{"id":99,"date":"2026-01-29T08:21:07","date_gmt":"2026-01-29T08:21:07","guid":{"rendered":"https:\/\/osapiens-cmms.com\/fr\/?page_id=99"},"modified":"2026-03-04T08:50:49","modified_gmt":"2026-03-04T08:50:49","slug":"sign-up","status":"publish","type":"page","link":"https:\/\/osapiens-cmms.com\/fr\/sign-up\/","title":{"rendered":"Sign up"},"content":{"rendered":"<div id=\"cs-content\" class=\"cs-content\"><div class=\"x-section x-hide-lg x-hide-md x-hide-sm x-hide-xl x-hide-xs e99-e1 m2r-0 m2r-1 m2r-2\"><div class=\"x-row x-container max width e99-e2 m2r-c m2r-d m2r-e m2r-j\"><div class=\"x-row-inner\"><div class=\"x-col e99-e3 m2r-p\"><div class=\"x-text x-text-headline e99-e4 m2r-t m2r-u m2r-v m2r-w m2r-x m2r-y m2r-z\"><div class=\"x-text-content\"><div class=\"x-text-content-text\"><h1 class=\"x-text-content-text-primary\">Start Managing Your Work Orders. Today.<\/h1><\/div><\/div><\/div><div class=\"x-text x-content e99-e5 m2r-18 m2r-19 m2r-1a m2r-1b m2r-1c m2r-1d\"><p>Create Your Account. It's Free.<\/p><\/div><div class=\"x-text x-content e99-e6 m2r-1a m2r-1e m2r-1f m2r-1g m2r-1h\"><p>What Happens Next?<\/p>\n<ol>\n<li>Sign Up: Enter your details.<\/li>\n<li>Confirm Email: Click the link we send to your inbox.<\/li>\n<li>Set Up: Your account will be ready within a couple of minutes.<\/li>\n<li>Ready to Go: You&rsquo;ll get a notification when it's all set.<\/li>\n<\/ol><\/div><div class=\"x-text x-text-headline e99-e7 m2r-u m2r-w m2r-x m2r-y m2r-z m2r-10\"><div class=\"x-text-content\"><div class=\"x-text-content-text\"><h1 class=\"x-text-content-text-primary\">Trusted by hundreds of companies from all industries<\/h1><\/div><\/div><\/div><div class=\"x-grid e99-e8 m2r-1l\"><div class=\"x-cell e99-e9 m2r-1m m2r-5\"><span class=\"x-image e99-e10 m2r-1n m2r-1o m2r-1p m2r-6\"><img decoding=\"async\" src=\"https:\/\/osapiens-cmms.com\/fr\/wp-content\/uploads\/sites\/4\/2026\/01\/CONA-services.png\" width=\"192\" height=\"67\" alt=\"Image\" loading=\"lazy\"><\/span><\/div><div class=\"x-cell e99-e11 m2r-1m m2r-5\"><span class=\"x-image e99-e12 m2r-1n m2r-1o m2r-1q m2r-7\"><img decoding=\"async\" src=\"https:\/\/osapiens-cmms.com\/fr\/wp-content\/uploads\/sites\/4\/2026\/01\/puratos-vector-logo-1-1.png\" width=\"199\" height=\"96\" alt=\"Image\" loading=\"lazy\"><\/span><\/div><div class=\"x-cell e99-e13 m2r-1m m2r-5\"><span class=\"x-image e99-e14 m2r-1n m2r-1o m2r-1p m2r-8\"><img decoding=\"async\" src=\"https:\/\/osapiens-cmms.com\/fr\/wp-content\/uploads\/sites\/4\/2026\/01\/Nordex-Logo.wine-2-1.png\" width=\"960\" height=\"960\" alt=\"Image\" loading=\"lazy\"><\/span><\/div><\/div><\/div><div class=\"x-col e99-e15 m2r-p\">\n\n  hbspt.forms.create({\n    portalId: \"139703275\",\n    formId: \"adff3649-a5f9-4a8f-b56d-bdf5a552caab\",\n    sfdcCampaignId: \"701aa00000E4u6xAAB\"\n  });\n<\/div><\/div><\/div><\/div><div class=\"x-section e99-e17 m2r-0 m2r-1 m2r-3\"><div class=\"x-row x-container max width e99-e18 m2r-c m2r-d m2r-f m2r-k m2r-l\"><div class=\"x-row-inner\"><div class=\"x-col e99-e19 m2r-p m2r-q m2r-r\"><div class=\"x-text x-text-headline e99-e20 m2r-w m2r-11 m2r-12 m2r-13 m2r-14 gradient-text\"><div class=\"x-text-content\"><div class=\"x-text-content-text\"><h1 class=\"x-text-content-text-primary\">osapiens HUB for Maintenance<\/h1><\/div><\/div><\/div><div class=\"x-text x-text-headline e99-e21 m2r-w m2r-x m2r-y m2r-11 m2r-13 m2r-14 m2r-15\"><div class=\"x-text-content\"><div class=\"x-text-content-text\"><h2 class=\"x-text-content-text-primary\">Cr&eacute;ez votre compte<\/h2><\/div><\/div><\/div><div class=\"x-text x-content e99-e22 m2r-1a m2r-1b m2r-1d m2r-1e m2r-1h m2r-1i\"><p data-start=\"53\" data-end=\"159\">Commencez &agrave; g&eacute;rer vos bons de travail en quelques minutes. Profitez de l&rsquo;offre Premium pendant 14 jours. Aucune installation. Aucune carte bancaire requise.<\/p><\/div><div class=\"x-div e99-e23 m2r-1t m2r-1u m2r-1v\"><script charset=\"utf-8\" type=\"text\/javascript\" src=\"\/\/js-eu1.hsforms.net\/forms\/embed\/v2.js\"><\/script>\n<script>\n  hbspt.forms.create({\n    portalId: \"139703275\",\n    formId: \"f41ada24-8560-4b81-8857-6a467877d8dc\",\n    region: \"eu1\"\n  });\n<\/script><\/div><\/div><\/div><\/div><div class=\"x-row x-container max width e99-e25 m2r-c m2r-g m2r-m m2r-9\"><div class=\"x-row-inner\"><div class=\"x-col e99-e26 m2r-p m2r-q m2r-s\"><div class=\"x-text x-text-headline e99-e27 m2r-t m2r-u m2r-w m2r-x m2r-13 m2r-16\"><div class=\"x-text-content\"><div class=\"x-text-content-text\"><p class=\"x-text-content-text-primary\">Plus de 2 500 entreprises font confiance &agrave; osapiens<\/p><\/div><\/div><\/div><\/div><div class=\"x-col e99-e28 m2r-p\"><div class=\"x-div e99-e29 m2r-1t m2r-1v m2r-1w m2r-1x\"><div class=\"x-div e99-e30 m2r-1t m2r-1v m2r-1w m2r-1x\"><div class=\"x-slide-container-viewport is-loading e99-e31 m2r-1z\" data-x-slide-container=\"{&quot;keyboardNavigation&quot;:false,&quot;autoplayStartInView&quot;:true,&quot;snap&quot;:true,&quot;scrollBySlide&quot;:true,&quot;wrapAround&quot;:true,&quot;int&quot;:&quot;drag off&quot;,&quot;startingSlide&quot;:1,&quot;autoplay&quot;:&quot;interval&quot;}\"><div class=\"x-slide-container-content\"><div class=\"x-slide-container is-inline is-paged\"><div class=\"x-slide e99-e32 m2r-20 m2r-a\" data-x-slide=\"\" data-x-effect-provider=\"colors particles effects\" data-x-effect=\"{&quot;durationBase&quot;:&quot;300ms&quot;}\"><span class=\"x-image e99-e33 m2r-1n m2r-1o m2r-1p m2r-1r\"><img decoding=\"async\" src=\"https:\/\/osapiens-cmms.com\/fr\/wp-content\/uploads\/sites\/4\/2026\/01\/OG_image_komatsu_logo-1.png\" alt=\"Image\" loading=\"lazy\"><\/span><\/div><div class=\"x-slide e99-e32 m2r-20 m2r-a\" data-x-slide=\"\" data-x-effect-provider=\"colors particles effects\" data-x-effect=\"{&quot;durationBase&quot;:&quot;300ms&quot;}\"><span class=\"x-image e99-e33 m2r-1n m2r-1o m2r-1p m2r-1r\"><img decoding=\"async\" src=\"https:\/\/osapiens-cmms.com\/fr\/wp-content\/uploads\/sites\/4\/2026\/01\/grupo-agora-1.jpg\" alt=\"Image\" loading=\"lazy\"><\/span><\/div><div class=\"x-slide e99-e32 m2r-20 m2r-a\" data-x-slide=\"\" data-x-effect-provider=\"colors particles effects\" data-x-effect=\"{&quot;durationBase&quot;:&quot;300ms&quot;}\"><span class=\"x-image e99-e33 m2r-1n m2r-1o m2r-1p m2r-1r\"><img decoding=\"async\" src=\"https:\/\/osapiens-cmms.com\/fr\/wp-content\/uploads\/sites\/4\/2026\/01\/Hagebau_Logo-1.png\" alt=\"Image\" loading=\"lazy\"><\/span><\/div><div class=\"x-slide e99-e32 m2r-20 m2r-a\" data-x-slide=\"\" data-x-effect-provider=\"colors particles effects\" data-x-effect=\"{&quot;durationBase&quot;:&quot;300ms&quot;}\"><span class=\"x-image e99-e33 m2r-1n m2r-1o m2r-1p m2r-1r\"><img decoding=\"async\" src=\"https:\/\/osapiens-cmms.com\/fr\/wp-content\/uploads\/sites\/4\/2026\/01\/64d28acab258c3f1e93d21a8_EFAFLEX-osapiens-HUB-service-os-p-2000-1.png\" alt=\"Image\" loading=\"lazy\"><\/span><\/div><div class=\"x-slide e99-e32 m2r-20 m2r-a\" data-x-slide=\"\" data-x-effect-provider=\"colors particles effects\" data-x-effect=\"{&quot;durationBase&quot;:&quot;300ms&quot;}\"><span class=\"x-image e99-e33 m2r-1n m2r-1o m2r-1p m2r-1r\"><img decoding=\"async\" src=\"https:\/\/osapiens-cmms.com\/fr\/wp-content\/uploads\/sites\/4\/2026\/01\/64ec74766751b41897a0cd39_Caterpillar-Energy-Solutions-GmbH-1-1-1.png\" alt=\"Image\" loading=\"lazy\"><\/span><\/div><div class=\"x-slide e99-e32 m2r-20 m2r-a\" data-x-slide=\"\" data-x-effect-provider=\"colors particles effects\" data-x-effect=\"{&quot;durationBase&quot;:&quot;300ms&quot;}\"><span class=\"x-image e99-e33 m2r-1n m2r-1o m2r-1p m2r-1r\"><img decoding=\"async\" src=\"https:\/\/osapiens-cmms.com\/fr\/wp-content\/uploads\/sites\/4\/2026\/01\/download-13.svg\" alt=\"Image\" loading=\"lazy\"><\/span><\/div><div class=\"x-slide e99-e32 m2r-20 m2r-a\" data-x-slide=\"\" data-x-effect-provider=\"colors particles effects\" data-x-effect=\"{&quot;durationBase&quot;:&quot;300ms&quot;}\"><span class=\"x-image e99-e33 m2r-1n m2r-1o m2r-1p m2r-1r\"><img decoding=\"async\" src=\"https:\/\/osapiens-cmms.com\/fr\/wp-content\/uploads\/sites\/4\/2026\/01\/Knorr-Bremse_logo-1.png\" alt=\"Image\" loading=\"lazy\"><\/span><\/div><div class=\"x-slide e99-e32 m2r-20 m2r-a\" data-x-slide=\"\" data-x-effect-provider=\"colors particles effects\" data-x-effect=\"{&quot;durationBase&quot;:&quot;300ms&quot;}\"><span class=\"x-image e99-e33 m2r-1n m2r-1o m2r-1p m2r-1r\"><img decoding=\"async\" src=\"https:\/\/osapiens-cmms.com\/fr\/wp-content\/uploads\/sites\/4\/2026\/01\/Coca-Cola_logo-1-2.png\" alt=\"Image\" loading=\"lazy\"><\/span><\/div><div class=\"x-slide e99-e32 m2r-20 m2r-a\" data-x-slide=\"\" data-x-effect-provider=\"colors particles effects\" data-x-effect=\"{&quot;durationBase&quot;:&quot;300ms&quot;}\"><span class=\"x-image e99-e33 m2r-1n m2r-1o m2r-1p m2r-1r\"><img decoding=\"async\" src=\"https:\/\/osapiens-cmms.com\/fr\/wp-content\/uploads\/sites\/4\/2026\/01\/schaeffler-4.png\" alt=\"Image\" loading=\"lazy\"><\/span><\/div><div class=\"x-slide e99-e32 m2r-20 m2r-a\" data-x-slide=\"\" data-x-effect-provider=\"colors particles effects\" data-x-effect=\"{&quot;durationBase&quot;:&quot;300ms&quot;}\"><span class=\"x-image e99-e33 m2r-1n m2r-1o m2r-1p m2r-1r\"><img decoding=\"async\" src=\"https:\/\/osapiens-cmms.com\/fr\/wp-content\/uploads\/sites\/4\/2026\/01\/scania-3.png\" alt=\"Image\" loading=\"lazy\"><\/span><\/div><div class=\"x-slide e99-e32 m2r-20 m2r-a\" data-x-slide=\"\" data-x-effect-provider=\"colors particles effects\" data-x-effect=\"{&quot;durationBase&quot;:&quot;300ms&quot;}\"><span class=\"x-image e99-e33 m2r-1n m2r-1o m2r-1p m2r-1r\"><img decoding=\"async\" src=\"https:\/\/osapiens-cmms.com\/fr\/wp-content\/uploads\/sites\/4\/2026\/01\/nordex-1-1.png\" alt=\"Image\" loading=\"lazy\"><\/span><\/div><\/div><\/div><\/div><\/div><\/div><\/div><\/div><\/div><\/div><div class=\"x-section e99-e34 m2r-0 m2r-2 m2r-4\"><div class=\"x-row x-container max width e99-e35 m2r-c m2r-f m2r-h m2r-k m2r-n\"><div class=\"x-row-inner\"><div class=\"x-col e99-e36 m2r-p\"><div class=\"x-text x-text-headline e99-e37 m2r-w m2r-x m2r-y m2r-11 m2r-13 m2r-15 m2r-17\"><div class=\"x-text-content\"><div class=\"x-text-content-text\"><h2 class=\"x-text-content-text-primary\">En savoir plus sur osapiens HUB for Maintenance<\/h2><\/div><\/div><\/div><\/div><\/div><\/div><div class=\"x-row x-container max width e99-e38 m2r-c m2r-d m2r-i m2r-o\"><div class=\"x-row-inner\"><div class=\"x-col e99-e39 m2r-p\"><a class=\"x-div e99-e40-v0 m2r-1t m2r-1w m2r-1y m2r-b\" href=\"\/fr\/cmms\/work-orders-tickets-and-forms\/\" data-x-effect-provider=\"colors particles effects\" data-x-effect=\"{&quot;durationBase&quot;:&quot;300ms&quot;}\"><span class=\"x-image e99-e40-v1 m2r-1n m2r-1p m2r-1s\"><img decoding=\"async\" src=\"https:\/\/osapiens-cmms.com\/fr\/wp-content\/uploads\/sites\/4\/2026\/01\/Work-Orders-Tickets-and-Forms.png\" width=\"1042\" height=\"1042\" alt=\"Image\" loading=\"lazy\"><\/span><div class=\"x-text x-content e99-e40-v2 m2r-19 m2r-1a m2r-1b m2r-1c m2r-1j\">Ordres de travail, tickets et formulaires<\/div><div class=\"x-text x-content e99-e40-v3 m2r-19 m2r-1a m2r-1f m2r-1h m2r-1k\">Cr\u00e9ez et compl\u00e9tez des bons de travail, des tickets et des formulaires intelligents en quelques clics seulement.<\/div><span class=\"x-anchor x-anchor-button has-graphic e99-e40-v4 m2r-21 m2r-b gradient-text\" tabindex=\"0\" data-x-effect=\"{&quot;durationBase&quot;:&quot;300ms&quot;}\"><div class=\"x-anchor-content\"><span class=\"x-graphic\" aria-hidden=\"true\"><i class=\"x-icon x-graphic-child x-graphic-icon x-graphic-primary\" aria-hidden=\"true\" data-x-icon-sr=\"&#xf061;\"><\/i><\/span><div class=\"x-anchor-text\"><span class=\"x-anchor-text-primary\">En savoir plus<\/span><\/div><\/div><\/span><\/a><\/div><div class=\"x-col e99-e41 m2r-p\"><a class=\"x-div e99-e42-v0 m2r-1t m2r-1w m2r-1y m2r-b\" href=\"\/fr\/planning-and-schedulings\/\" data-x-effect-provider=\"colors particles effects\" data-x-effect=\"{&quot;durationBase&quot;:&quot;300ms&quot;}\"><span class=\"x-image e99-e42-v1 m2r-1n m2r-1p m2r-1s\"><img decoding=\"async\" src=\"https:\/\/osapiens-cmms.com\/fr\/wp-content\/uploads\/sites\/4\/2026\/01\/Planning-and-Scheduling.png\" width=\"1042\" height=\"1042\" alt=\"Image\" loading=\"lazy\"><\/span><div class=\"x-text x-content e99-e42-v2 m2r-19 m2r-1a m2r-1b m2r-1c m2r-1j\">Planification et ordonnancement<\/div><div class=\"x-text x-content e99-e42-v3 m2r-19 m2r-1a m2r-1f m2r-1h m2r-1k\">Optimisez vos ressources gr\u00e2ce \u00e0 la planification des \u00e9quipes et des capacit\u00e9s et \u00e0 la gestion des sous-traitants.<\/div><span class=\"x-anchor x-anchor-button has-graphic e99-e42-v4 m2r-21 m2r-b gradient-text\" tabindex=\"0\" data-x-effect=\"{&quot;durationBase&quot;:&quot;300ms&quot;}\"><div class=\"x-anchor-content\"><span class=\"x-graphic\" aria-hidden=\"true\"><i class=\"x-icon x-graphic-child x-graphic-icon x-graphic-primary\" aria-hidden=\"true\" data-x-icon-sr=\"&#xf061;\"><\/i><\/span><div class=\"x-anchor-text\"><span class=\"x-anchor-text-primary\">En savoir plus<\/span><\/div><\/div><\/span><\/a><\/div><div class=\"x-col e99-e43 m2r-p\"><a class=\"x-div e99-e44-v0 m2r-1t m2r-1w m2r-1y m2r-b\" href=\"\/fr\/cmms\/spare-parts-and-inventory\/\" data-x-effect-provider=\"colors particles effects\" data-x-effect=\"{&quot;durationBase&quot;:&quot;300ms&quot;}\"><span class=\"x-image e99-e44-v1 m2r-1n m2r-1p m2r-1s\"><img decoding=\"async\" src=\"https:\/\/osapiens-cmms.com\/fr\/wp-content\/uploads\/sites\/4\/2026\/01\/Parts-and-Inventory.png\" width=\"249\" height=\"250\" alt=\"Image\" loading=\"lazy\"><\/span><div class=\"x-text x-content e99-e44-v2 m2r-19 m2r-1a m2r-1b m2r-1c m2r-1j\"><p>Pi\u00e8ces d\u00e9tach\u00e9es <br \/>\net inventaire<\/p><\/div><div class=\"x-text x-content e99-e44-v3 m2r-19 m2r-1a m2r-1f m2r-1h m2r-1k\">G\u00e9rer les niveaux de stock et les emplacements de stockage. Suivre l'utilisation des pi\u00e8ces par ordre de travail et par actif.<\/div><span class=\"x-anchor x-anchor-button has-graphic e99-e44-v4 m2r-21 m2r-b gradient-text\" tabindex=\"0\" data-x-effect=\"{&quot;durationBase&quot;:&quot;300ms&quot;}\"><div class=\"x-anchor-content\"><span class=\"x-graphic\" aria-hidden=\"true\"><i class=\"x-icon x-graphic-child x-graphic-icon x-graphic-primary\" aria-hidden=\"true\" data-x-icon-sr=\"&#xf061;\"><\/i><\/span><div class=\"x-anchor-text\"><span class=\"x-anchor-text-primary\">En savoir plus<\/span><\/div><\/div><\/span><\/a><\/div><div class=\"x-col e99-e45 m2r-p\"><a class=\"x-div e99-e46-v0 m2r-1t m2r-1w m2r-1y m2r-b\" href=\"\/fr\/cmms\/preventive-maintenance\/\" data-x-effect-provider=\"colors particles effects\" data-x-effect=\"{&quot;durationBase&quot;:&quot;300ms&quot;}\"><span class=\"x-image e99-e46-v1 m2r-1n m2r-1p m2r-1s\"><img decoding=\"async\" src=\"https:\/\/osapiens-cmms.com\/fr\/wp-content\/uploads\/sites\/4\/2026\/01\/Preventive-Maintenance.png\" width=\"1042\" height=\"1042\" alt=\"Image\" loading=\"lazy\"><\/span><div class=\"x-text x-content e99-e46-v2 m2r-19 m2r-1a m2r-1b m2r-1c m2r-1j\">Maintenance pr\u00e9ventive<\/div><div class=\"x-text x-content e99-e46-v3 m2r-19 m2r-1a m2r-1f m2r-1h m2r-1k\">Automatisez une strat\u00e9gie de maintenance qui pr\u00e9vient les pannes, am\u00e9liore l'efficacit\u00e9 des \u00e9quipements et permet d'\u00e9conomiser du temps et des ressources.<\/div><span class=\"x-anchor x-anchor-button has-graphic e99-e46-v4 m2r-21 m2r-b gradient-text\" tabindex=\"0\" data-x-effect=\"{&quot;durationBase&quot;:&quot;300ms&quot;}\"><div class=\"x-anchor-content\"><span class=\"x-graphic\" aria-hidden=\"true\"><i class=\"x-icon x-graphic-child x-graphic-icon x-graphic-primary\" aria-hidden=\"true\" data-x-icon-sr=\"&#xf061;\"><\/i><\/span><div class=\"x-anchor-text\"><span class=\"x-anchor-text-primary\">En savoir plus<\/span><\/div><\/div><\/span><\/a><\/div><\/div><\/div><\/div><\/div>\n","protected":false},"excerpt":{"rendered":"<p>Start Managing Your Work Orders. Today.Create Your Account. It&rsquo;s Free.What Happens Next? Sign Up: Enter your details. Confirm Email: Click the link we send to your inbox. Set Up: Your account will be ready within a couple of minutes. Ready to Go: You&rsquo;ll get a notification when it&rsquo;s all set. Trusted by hundreds of companies from all industries hbspt.forms.create({ portalId: &#8230; <\/p>\n<div><a href=\"https:\/\/osapiens-cmms.com\/fr\/sign-up\/\" class=\"more-link\">Read More<\/a><\/div>\n","protected":false},"author":21,"featured_media":0,"parent":0,"menu_order":0,"comment_status":"closed","ping_status":"closed","template":"template-blank-4.php","meta":{"_acf_changed":false,"footnotes":""},"categories":[],"class_list":["post-99","page","type-page","status-publish","hentry","no-post-thumbnail"],"acf":[],"yoast_head":"<!-- This site is optimized with the Yoast SEO Premium plugin v24.3 (Yoast SEO v24.3) - https:\/\/yoast.com\/wordpress\/plugins\/seo\/ -->\n<title>Sign up - osapiens-cmms.com\/fr<\/title>\n<meta name=\"robots\" content=\"noindex, follow, max-snippet:-1, max-image-preview:large, max-video-preview:-1\" \/>\n<meta property=\"og:locale\" content=\"fr_FR\" \/>\n<meta property=\"og:type\" content=\"article\" \/>\n<meta property=\"og:title\" content=\"Sign up\" \/>\n<meta property=\"og:description\" content=\"Start Managing Your Work Orders. Today.Create Your Account. It&#039;s Free.What Happens Next? Sign Up: Enter your details. Confirm Email: Click the link we send to your inbox. Set Up: Your account will be ready within a couple of minutes. Ready to Go: You&rsquo;ll get a notification when it&#039;s all set. Trusted by hundreds of companies from all industries hbspt.forms.create({ portalId: ... Read More\" \/>\n<meta property=\"og:url\" content=\"https:\/\/osapiens-cmms.com\/fr\/sign-up\/\" \/>\n<meta property=\"og:site_name\" content=\"osapiens-cmms.com\/fr\" \/>\n<meta property=\"article:modified_time\" content=\"2026-03-04T08:50:49+00:00\" \/>\n<meta name=\"twitter:card\" content=\"summary_large_image\" \/>\n<script type=\"application\/ld+json\" class=\"yoast-schema-graph\">{\"@context\":\"https:\/\/schema.org\",\"@graph\":[{\"@type\":\"WebPage\",\"@id\":\"https:\/\/osapiens-cmms.com\/fr\/sign-up\/\",\"url\":\"https:\/\/osapiens-cmms.com\/fr\/sign-up\/\",\"name\":\"Sign up - osapiens-cmms.com\/fr\",\"isPartOf\":{\"@id\":\"https:\/\/osapiens-cmms.com\/fr\/#website\"},\"datePublished\":\"2026-01-29T08:21:07+00:00\",\"dateModified\":\"2026-03-04T08:50:49+00:00\",\"breadcrumb\":{\"@id\":\"https:\/\/osapiens-cmms.com\/fr\/sign-up\/#breadcrumb\"},\"inLanguage\":\"fr-FR\",\"potentialAction\":[{\"@type\":\"ReadAction\",\"target\":[\"https:\/\/osapiens-cmms.com\/fr\/sign-up\/\"]}]},{\"@type\":\"BreadcrumbList\",\"@id\":\"https:\/\/osapiens-cmms.com\/fr\/sign-up\/#breadcrumb\",\"itemListElement\":[{\"@type\":\"ListItem\",\"position\":1,\"name\":\"Home\",\"item\":\"https:\/\/osapiens-cmms.com\/fr\/\"},{\"@type\":\"ListItem\",\"position\":2,\"name\":\"Sign up\"}]},{\"@type\":\"WebSite\",\"@id\":\"https:\/\/osapiens-cmms.com\/fr\/#website\",\"url\":\"https:\/\/osapiens-cmms.com\/fr\/\",\"name\":\"osapiens-cmms.com\/fr\",\"description\":\"\",\"potentialAction\":[{\"@type\":\"SearchAction\",\"target\":{\"@type\":\"EntryPoint\",\"urlTemplate\":\"https:\/\/osapiens-cmms.com\/fr\/?s={search_term_string}\"},\"query-input\":{\"@type\":\"PropertyValueSpecification\",\"valueRequired\":true,\"valueName\":\"search_term_string\"}}],\"inLanguage\":\"fr-FR\"}]}<\/script>\n<!-- \/ Yoast SEO Premium plugin. -->","yoast_head_json":{"title":"Sign up - osapiens-cmms.com\/fr","robots":{"index":"noindex","follow":"follow","max-snippet":"max-snippet:-1","max-image-preview":"max-image-preview:large","max-video-preview":"max-video-preview:-1"},"og_locale":"fr_FR","og_type":"article","og_title":"Sign up","og_description":"Start Managing Your Work Orders. Today.Create Your Account. It's Free.What Happens Next? Sign Up: Enter your details. Confirm Email: Click the link we send to your inbox. Set Up: Your account will be ready within a couple of minutes. Ready to Go: You&rsquo;ll get a notification when it's all set. Trusted by hundreds of companies from all industries hbspt.forms.create({ portalId: ... Read More","og_url":"https:\/\/osapiens-cmms.com\/fr\/sign-up\/","og_site_name":"osapiens-cmms.com\/fr","article_modified_time":"2026-03-04T08:50:49+00:00","twitter_card":"summary_large_image","schema":{"@context":"https:\/\/schema.org","@graph":[{"@type":"WebPage","@id":"https:\/\/osapiens-cmms.com\/fr\/sign-up\/","url":"https:\/\/osapiens-cmms.com\/fr\/sign-up\/","name":"Sign up - osapiens-cmms.com\/fr","isPartOf":{"@id":"https:\/\/osapiens-cmms.com\/fr\/#website"},"datePublished":"2026-01-29T08:21:07+00:00","dateModified":"2026-03-04T08:50:49+00:00","breadcrumb":{"@id":"https:\/\/osapiens-cmms.com\/fr\/sign-up\/#breadcrumb"},"inLanguage":"fr-FR","potentialAction":[{"@type":"ReadAction","target":["https:\/\/osapiens-cmms.com\/fr\/sign-up\/"]}]},{"@type":"BreadcrumbList","@id":"https:\/\/osapiens-cmms.com\/fr\/sign-up\/#breadcrumb","itemListElement":[{"@type":"ListItem","position":1,"name":"Home","item":"https:\/\/osapiens-cmms.com\/fr\/"},{"@type":"ListItem","position":2,"name":"Sign up"}]},{"@type":"WebSite","@id":"https:\/\/osapiens-cmms.com\/fr\/#website","url":"https:\/\/osapiens-cmms.com\/fr\/","name":"osapiens-cmms.com\/fr","description":"","potentialAction":[{"@type":"SearchAction","target":{"@type":"EntryPoint","urlTemplate":"https:\/\/osapiens-cmms.com\/fr\/?s={search_term_string}"},"query-input":{"@type":"PropertyValueSpecification","valueRequired":true,"valueName":"search_term_string"}}],"inLanguage":"fr-FR"}]}},"_links":{"self":[{"href":"https:\/\/osapiens-cmms.com\/fr\/wp-json\/wp\/v2\/pages\/99","targetHints":{"allow":["GET"]}}],"collection":[{"href":"https:\/\/osapiens-cmms.com\/fr\/wp-json\/wp\/v2\/pages"}],"about":[{"href":"https:\/\/osapiens-cmms.com\/fr\/wp-json\/wp\/v2\/types\/page"}],"author":[{"embeddable":true,"href":"https:\/\/osapiens-cmms.com\/fr\/wp-json\/wp\/v2\/users\/21"}],"replies":[{"embeddable":true,"href":"https:\/\/osapiens-cmms.com\/fr\/wp-json\/wp\/v2\/comments?post=99"}],"version-history":[{"count":5,"href":"https:\/\/osapiens-cmms.com\/fr\/wp-json\/wp\/v2\/pages\/99\/revisions"}],"predecessor-version":[{"id":981,"href":"https:\/\/osapiens-cmms.com\/fr\/wp-json\/wp\/v2\/pages\/99\/revisions\/981"}],"wp:attachment":[{"href":"https:\/\/osapiens-cmms.com\/fr\/wp-json\/wp\/v2\/media?parent=99"}],"wp:term":[{"taxonomy":"category","embeddable":true,"href":"https:\/\/osapiens-cmms.com\/fr\/wp-json\/wp\/v2\/categories?post=99"}],"curies":[{"name":"wp","href":"https:\/\/api.w.org\/{rel}","templated":true}]}}